{"id":3474,"date":"2026-05-03T16:55:49","date_gmt":"2026-05-03T15:55:49","guid":{"rendered":"https:\/\/susannemuellernelson.ch\/wordpress\/?page_id=3474"},"modified":"2026-05-03T17:13:36","modified_gmt":"2026-05-03T16:13:36","slug":"portait-nr-2","status":"publish","type":"page","link":"https:\/\/susannemuellernelson.ch\/wordpress\/portait-nr-2\/","title":{"rendered":"Portait"},"content":{"rendered":"<p><img loading=\"lazy\" decoding=\"async\" class=\"alignleft size-medium wp-image-1854\" src=\"https:\/\/susannemuellernelson.ch\/wordpress\/wp-content\/uploads\/2021\/06\/IMG_2098-225x300.jpg\" alt=\"\" width=\"225\" height=\"300\" srcset=\"https:\/\/susannemuellernelson.ch\/wordpress\/wp-content\/uploads\/2021\/06\/IMG_2098-225x300.jpg 225w, https:\/\/susannemuellernelson.ch\/wordpress\/wp-content\/uploads\/2021\/06\/IMG_2098-768x1024.jpg 768w, https:\/\/susannemuellernelson.ch\/wordpress\/wp-content\/uploads\/2021\/06\/IMG_2098-1152x1536.jpg 1152w, https:\/\/susannemuellernelson.ch\/wordpress\/wp-content\/uploads\/2021\/06\/IMG_2098-1536x2048.jpg 1536w, https:\/\/susannemuellernelson.ch\/wordpress\/wp-content\/uploads\/2021\/06\/IMG_2098-scaled.jpg 1920w\" sizes=\"auto, (max-width: 225px) 100vw, 225px\" \/>In Ihrer Arbeit besch\u00e4ftigt sie sich mit somatischen Praktiken und philosophischen Fragen, welche sie als Ausgangspunkt nimmt f\u00fcr ihre k\u00fcnstlerischen Auseinandersetzungen in Bezug auf die Wahrnehmung des eigenen K\u00f6rpers, der Umwelt und im Zusammenhang mit gesellschaftlichen Herausforderungen.<\/p>\n<p>Das Erforschen der Bewegung und der Entscheidungsmechanismen, welche ihr zugrunde liegen, stehen oft am Anfang eines Prozesses. In ihrer Bewegungssprache lotet sie die Architektur des K\u00f6rpers st\u00e4ndig neu aus. Die Auseinandersetzung mit Raum und Zeit bieten Anlass f\u00fcr wiederkehrende, oft von der Philosophie oder der bildenden Kunst beeinflusste Fragen. Ihre St\u00fccke sind sowohl choreografiert als auch improvisiert oder site-specific. Susanne Mueller Nelson arbeitet regelm\u00e4ssig mit K\u00fcnstler\/innen aus anderen Kunstsparten.<\/p>\n<p><img loading=\"lazy\" decoding=\"async\" class=\"alignleft size-medium wp-image-474\" src=\"https:\/\/susannemuellernelson.ch\/wordpress\/wp-content\/uploads\/2020\/12\/performance_inter-aktionen_12-300x200.jpg\" alt=\"Performance \u00abinter.aktionen\u00bb\" width=\"300\" height=\"200\" srcset=\"https:\/\/susannemuellernelson.ch\/wordpress\/wp-content\/uploads\/2020\/12\/performance_inter-aktionen_12-300x200.jpg 300w, https:\/\/susannemuellernelson.ch\/wordpress\/wp-content\/uploads\/2020\/12\/performance_inter-aktionen_12-1024x682.jpg 1024w, https:\/\/susannemuellernelson.ch\/wordpress\/wp-content\/uploads\/2020\/12\/performance_inter-aktionen_12-768x511.jpg 768w, https:\/\/susannemuellernelson.ch\/wordpress\/wp-content\/uploads\/2020\/12\/performance_inter-aktionen_12-391x260.jpg 391w, https:\/\/susannemuellernelson.ch\/wordpress\/wp-content\/uploads\/2020\/12\/performance_inter-aktionen_12-1536x1022.jpg 1536w, https:\/\/susannemuellernelson.ch\/wordpress\/wp-content\/uploads\/2020\/12\/performance_inter-aktionen_12.jpg 1920w\" sizes=\"auto, (max-width: 300px) 100vw, 300px\" \/>Nach ihrer Sportkarriere im Nationalteam der Rhythmischen Gymnastik widmete sich Susanne Mueller Nelson seit 1984 der k\u00fcnstlerischen Seite der Bewegung und absolvierte zuerst ihre Tanzausbildung in Montpellier. Dort kam sie auch mit der Arbeit von Rui Horta und Dominique Bagouet in Kontakt. Diese beiden sehr unterschiedlichen Ans\u00e4tze, so wie die darauf folgenden 4 Jahre Aufenthalt in New York (veranlasst durch ein Stipendium der Otto Tschumi Stiftung) pr\u00e4gten ihr weiteres Schaffen: einerseits der abstrakte und zugleich pr\u00e4zise Umgang mit Bewegung, anderseits das Ausloten der Bewegung bis an die physische Grenzen und die Auseinandersetzung mit Raum, Pr\u00e4senz und die Beziehung zum Publikum. Seit ihrer Ausbildung zur Feldenkrais\u00ae Lehrerin (2001-2005) bildet diese Methode eine wichtige Basis f\u00fcr ebendiese Fragen und ihr k\u00fcnstlerisches Schaffen.<\/p>\n<p><img loading=\"lazy\" decoding=\"async\" class=\"alignright size-medium wp-image-459\" src=\"https:\/\/susannemuellernelson.ch\/wordpress\/wp-content\/uploads\/2020\/12\/performance_album_im_freien_02-300x200.jpg\" alt=\"Performance \u00abAlbum\u00bb\" width=\"300\" height=\"200\" srcset=\"https:\/\/susannemuellernelson.ch\/wordpress\/wp-content\/uploads\/2020\/12\/performance_album_im_freien_02-300x200.jpg 300w, https:\/\/susannemuellernelson.ch\/wordpress\/wp-content\/uploads\/2020\/12\/performance_album_im_freien_02-1024x682.jpg 1024w, https:\/\/susannemuellernelson.ch\/wordpress\/wp-content\/uploads\/2020\/12\/performance_album_im_freien_02-768x512.jpg 768w, https:\/\/susannemuellernelson.ch\/wordpress\/wp-content\/uploads\/2020\/12\/performance_album_im_freien_02-391x260.jpg 391w, https:\/\/susannemuellernelson.ch\/wordpress\/wp-content\/uploads\/2020\/12\/performance_album_im_freien_02-1536x1024.jpg 1536w, https:\/\/susannemuellernelson.ch\/wordpress\/wp-content\/uploads\/2020\/12\/performance_album_im_freien_02.jpg 1772w\" sizes=\"auto, (max-width: 300px) 100vw, 300px\" \/>Unter dem Namen co.ainsi.danse hat sie bis jetzt zahlreiche abenf\u00fcllende und einige k\u00fcrzere St\u00fccke produziert, welche in der Schweiz und im Ausland gezeigt wurden. Daneben ist sie eine gefragte Gastlehrerin im In- und Ausland.<\/p>\n<p>2010 erhielt sie das OFF Stage Stipendium des Kantons Bern, welches ihr erm\u00f6glicht hat, ihrer k\u00fcnstlerischen Arbeit eine neue Ausrichtung zu geben. 2013 absolvierte sie den MAS TanzKultur an der Universit\u00e4t Bern. Das ihrer Abschlussarbeit zugrundeliegende Thema der Vermittlung von zeitgen\u00f6ssischen Tanzauff\u00fchrungen hat sie weiterentwickelt und begonnen, in die die Praxis umzusetzen. Seither ist sie eine gefragte Fachperson auf dem Gebiet der Vermittlung.<\/p>\n<p><img loading=\"lazy\" decoding=\"async\" class=\"alignleft size-medium wp-image-465\" src=\"https:\/\/susannemuellernelson.ch\/wordpress\/wp-content\/uploads\/2020\/12\/performance_inter-aktionen_03-216x300.jpg\" alt=\"Performance \u00abinter.aktionen\u00bb\" width=\"216\" height=\"300\" srcset=\"https:\/\/susannemuellernelson.ch\/wordpress\/wp-content\/uploads\/2020\/12\/performance_inter-aktionen_03-216x300.jpg 216w, https:\/\/susannemuellernelson.ch\/wordpress\/wp-content\/uploads\/2020\/12\/performance_inter-aktionen_03-739x1024.jpg 739w, https:\/\/susannemuellernelson.ch\/wordpress\/wp-content\/uploads\/2020\/12\/performance_inter-aktionen_03-768x1064.jpg 768w, https:\/\/susannemuellernelson.ch\/wordpress\/wp-content\/uploads\/2020\/12\/performance_inter-aktionen_03.jpg 1029w\" sizes=\"auto, (max-width: 216px) 100vw, 216px\" \/>Von August 2016 bis Januar 2017 weilte sie mit dem Atelier Stipendium des Kantons Bern in Berlin. 2020 erhielt sie das Continuer Stipendium des Kantons Bern.<\/p>\n","protected":false},"excerpt":{"rendered":"<p>In Ihrer Arbeit besch\u00e4ftigt sie sich mit somatischen Praktiken und philosophischen Fragen, welche sie als Ausgangspunkt nimmt f\u00fcr ihre k\u00fcnstlerischen Auseinandersetzungen in Bezug auf die Wahrnehmung des eigenen K\u00f6rpers, der Umwelt und im Zusammenhang mit gesellschaftlichen Herausforderungen. Das Erforschen der Bewegung und der Entscheidungsmechanismen, welche ihr zugrunde liegen, stehen oft am Anfang eines Prozesses. In [&hellip;]<\/p>\n","protected":false},"author":3,"featured_media":48,"parent":0,"menu_order":0,"comment_status":"closed","ping_status":"closed","template":"","meta":{"footnotes":""},"class_list":["post-3474","page","type-page","status-publish","has-post-thumbnail","hentry"],"translation":{"provider":"WPGlobus","version":"3.0.2","language":"de","enabled_languages":["de","fr","en"],"languages":{"de":{"title":true,"content":true,"excerpt":false},"fr":{"title":true,"content":true,"excerpt":false},"en":{"title":true,"content":true,"excerpt":false}}},"_links":{"self":[{"href":"https:\/\/susannemuellernelson.ch\/wordpress\/wp-json\/wp\/v2\/pages\/3474","targetHints":{"allow":["GET"]}}],"collection":[{"href":"https:\/\/susannemuellernelson.ch\/wordpress\/wp-json\/wp\/v2\/pages"}],"about":[{"href":"https:\/\/susannemuellernelson.ch\/wordpress\/wp-json\/wp\/v2\/types\/page"}],"author":[{"embeddable":true,"href":"https:\/\/susannemuellernelson.ch\/wordpress\/wp-json\/wp\/v2\/users\/3"}],"replies":[{"embeddable":true,"href":"https:\/\/susannemuellernelson.ch\/wordpress\/wp-json\/wp\/v2\/comments?post=3474"}],"version-history":[{"count":25,"href":"https:\/\/susannemuellernelson.ch\/wordpress\/wp-json\/wp\/v2\/pages\/3474\/revisions"}],"predecessor-version":[{"id":3508,"href":"https:\/\/susannemuellernelson.ch\/wordpress\/wp-json\/wp\/v2\/pages\/3474\/revisions\/3508"}],"wp:featuredmedia":[{"embeddable":true,"href":"https:\/\/susannemuellernelson.ch\/wordpress\/wp-json\/wp\/v2\/media\/48"}],"wp:attachment":[{"href":"https:\/\/susannemuellernelson.ch\/wordpress\/wp-json\/wp\/v2\/media?parent=3474"}],"curies":[{"name":"wp","href":"https:\/\/api.w.org\/{rel}","templated":true}]}}