{"id":179,"date":"2020-12-29T14:46:19","date_gmt":"2020-12-29T13:46:19","guid":{"rendered":"https:\/\/susannemuellernelson.ch\/wordpress\/?page_id=179"},"modified":"2022-05-02T13:43:48","modified_gmt":"2022-05-02T12:43:48","slug":"feldenkrais-methode","status":"publish","type":"page","link":"https:\/\/susannemuellernelson.ch\/wordpress\/feldenkrais-methode\/","title":{"rendered":"Feldenkrais\u00aeMethode"},"content":{"rendered":"<p>Die Feldenkrais Methode\u00ae geht davon aus, dass sich in der Qualit\u00e4t von Bewegung unser ganzes Selbst spiegelt. Feldenkrais Lektionen schaffen die Bedingungen, Gewohnheiten wahrzunehmen und die M\u00f6glichkeit von Ver\u00e4nderung zu erleben. So erweitert sich schrittweise Ihr Selbstbild und Handlungsspielraum.<\/p>\n<p>Sie erleben Leichtigkeit und Stabilit\u00e4t, freie Atmung und allgemeines Wohlbefinden.<\/p>\n<p>Die Feldenkrais\u00ae Methode unterst\u00fctzt Sie in der Wahrnehmung ihrer K\u00f6rperhaltung und ihrer Bewegungen im Alltag, w\u00e4hrend sportlichen und k\u00fcnstlerischen Aktivit\u00e4ten.\u00a0 Sie hilft Verspannungen zu l\u00f6sen und ihre Balance und Beweglichkeit zu verbessern.<\/p>\n<p>Sie richtet sich an alle Menschen, unabh\u00e4ngig von Alter, physischer und\/oder psychischer Verfassung.<\/p>\n","protected":false},"excerpt":{"rendered":"<p>Die Feldenkrais Methode\u00ae geht davon aus, dass sich in der Qualit\u00e4t von Bewegung unser ganzes Selbst spiegelt. Feldenkrais Lektionen schaffen die Bedingungen, Gewohnheiten wahrzunehmen und die M\u00f6glichkeit von Ver\u00e4nderung zu erleben. So erweitert sich schrittweise Ihr Selbstbild und Handlungsspielraum. Sie erleben Leichtigkeit und Stabilit\u00e4t, freie Atmung und allgemeines Wohlbefinden. Die Feldenkrais\u00ae Methode unterst\u00fctzt Sie in [&hellip;]<\/p>\n","protected":false},"author":1,"featured_media":452,"parent":0,"menu_order":0,"comment_status":"closed","ping_status":"closed","template":"","meta":{"footnotes":""},"class_list":["post-179","page","type-page","status-publish","has-post-thumbnail","hentry"],"translation":{"provider":"WPGlobus","version":"3.0.2","language":"de","enabled_languages":["de","fr","en"],"languages":{"de":{"title":true,"content":true,"excerpt":false},"fr":{"title":true,"content":true,"excerpt":false},"en":{"title":true,"content":true,"excerpt":false}}},"_links":{"self":[{"href":"https:\/\/susannemuellernelson.ch\/wordpress\/wp-json\/wp\/v2\/pages\/179","targetHints":{"allow":["GET"]}}],"collection":[{"href":"https:\/\/susannemuellernelson.ch\/wordpress\/wp-json\/wp\/v2\/pages"}],"about":[{"href":"https:\/\/susannemuellernelson.ch\/wordpress\/wp-json\/wp\/v2\/types\/page"}],"author":[{"embeddable":true,"href":"https:\/\/susannemuellernelson.ch\/wordpress\/wp-json\/wp\/v2\/users\/1"}],"replies":[{"embeddable":true,"href":"https:\/\/susannemuellernelson.ch\/wordpress\/wp-json\/wp\/v2\/comments?post=179"}],"version-history":[{"count":23,"href":"https:\/\/susannemuellernelson.ch\/wordpress\/wp-json\/wp\/v2\/pages\/179\/revisions"}],"predecessor-version":[{"id":2802,"href":"https:\/\/susannemuellernelson.ch\/wordpress\/wp-json\/wp\/v2\/pages\/179\/revisions\/2802"}],"wp:featuredmedia":[{"embeddable":true,"href":"https:\/\/susannemuellernelson.ch\/wordpress\/wp-json\/wp\/v2\/media\/452"}],"wp:attachment":[{"href":"https:\/\/susannemuellernelson.ch\/wordpress\/wp-json\/wp\/v2\/media?parent=179"}],"curies":[{"name":"wp","href":"https:\/\/api.w.org\/{rel}","templated":true}]}}