{"id":167,"date":"2020-12-29T14:25:43","date_gmt":"2020-12-29T13:25:43","guid":{"rendered":"https:\/\/susannemuellernelson.ch\/wordpress\/?page_id=167"},"modified":"2021-11-01T15:59:13","modified_gmt":"2021-11-01T14:59:13","slug":"werkliste","status":"publish","type":"page","link":"https:\/\/susannemuellernelson.ch\/wordpress\/werkliste\/","title":{"rendered":"Werkliste"},"content":{"rendered":"\n<div class=\"wp-block-ctl-instant-timeline\"><div class=\"ctl-instant-timeline block-1609353295184  both-sided\" style=\"--timeLineColor:#95ad9e;--textColor:#000;--titleSize:16px;--descriptionSize:12px;--timeSize:16px\"><div class=\"timeline-content\"><div class=\"ctl-row\"><div class=\"ctl-col-6\"><div class=\"story-time\"><div style=\"color:#000;font-size:16px\">2018-2022<\/div><\/div><\/div><div class=\"ctl-col-6\"><div class=\"story-details\"><div class=\"story-image\"><\/div><h3 style=\"color:#000;font-size:16px;line-height:21.44px\">Album, Solo<\/h3><p style=\"color:#000;font-size:12px;line-height:20.759999999999998px\">Tanz Susanne Mueller Nelson, Musik Jalalu-Kalvert Nelson<\/p><\/div><\/div><\/div><\/div><div class=\"timeline-content\"><div class=\"ctl-row\"><div class=\"ctl-col-6\"><div class=\"story-details\"><div class=\"story-image\"><\/div><h3 style=\"color:#000;font-size:16px;line-height:21.44px\">Gastchoreografin<\/h3><p style=\"color:#000;font-size:12px;line-height:20.759999999999998px\">f\u00fcr die semi-professionelle Compagnie corp<code>S<\/code>pondanse, abendf\u00fcllende Produktion corps.peau.real<\/p><\/div><\/div><div class=\"ctl-col-6\"><div class=\"story-time\"><div style=\"color:#000;font-size:16px\">2012\/13<\/div><\/div><\/div><\/div><\/div><div class=\"timeline-content\"><div class=\"ctl-row\"><div class=\"ctl-col-6\"><div class=\"story-time\"><div style=\"color:#000;font-size:16px\">2012<\/div><\/div><\/div><div class=\"ctl-col-6\"><div class=\"story-details\"><div class=\"story-image\"><\/div><h3 style=\"color:#000;font-size:16px;line-height:21.44px\">\u00ab one \u00bb<\/h3><p style=\"color:#000;font-size:12px;line-height:20.759999999999998px\">Dafin Stefanou (Tanz), Jonas Kocher (Musik) und Ruedy Schwyn (Szenografie)<\/p><\/div><\/div><\/div><\/div><div class=\"timeline-content\"><div class=\"ctl-row\"><div class=\"ctl-col-6\"><div class=\"story-details\"><div class=\"story-image\"><\/div><h3 style=\"color:#000;font-size:16px;line-height:21.44px\"><\/h3><p style=\"color:#000;font-size:12px;line-height:20.759999999999998px\">Auszeit mit OFF Stipendium des Kantons Bern<\/p><\/div><\/div><div class=\"ctl-col-6\"><div class=\"story-time\"><div style=\"color:#000;font-size:16px\">2011<\/div><\/div><\/div><\/div><\/div><div class=\"timeline-content\"><div class=\"ctl-row\"><div class=\"ctl-col-6\"><div class=\"story-time\"><div style=\"color:#000;font-size:16px\">2009\/10<\/div><\/div><\/div><div class=\"ctl-col-6\"><div class=\"story-details\"><div class=\"story-image\"><\/div><h3 style=\"color:#000;font-size:16px;line-height:21.44px\">end::spiel<\/h3><p style=\"color:#000;font-size:12px;line-height:20.759999999999998px\">1-6 (Biel, Baden, Neuch\u00e2tel, Luzern, Bern)<\/p><\/div><\/div><\/div><\/div><div class=\"timeline-content\"><div class=\"ctl-row\"><div class=\"ctl-col-6\"><div class=\"story-details\"><div class=\"story-image\"><\/div><h3 style=\"color:#000;font-size:16px;line-height:21.44px\">projekt.raum<\/h3><p style=\"color:#000;font-size:12px;line-height:20.759999999999998px\">Bern, Baden, Porrentruy<\/p><\/div><\/div><div class=\"ctl-col-6\"><div class=\"story-time\"><div style=\"color:#000;font-size:16px\">2008\/09\/10<\/div><\/div><\/div><\/div><\/div><div class=\"timeline-content\"><div class=\"ctl-row\"><div class=\"ctl-col-6\"><div class=\"story-time\"><div style=\"color:#000;font-size:16px\">2007<\/div><\/div><\/div><div class=\"ctl-col-6\"><div class=\"story-details\"><div class=\"story-image\"><\/div><h3 style=\"color:#000;font-size:16px;line-height:21.44px\">zeit.zellen II<\/h3><p style=\"color:#000;font-size:12px;line-height:20.759999999999998px\">CH-Tournee (Neuch\u00e2tel, Bern, Baden, Z\u00fcrich, La Chaux-de-Fonds)<\/p><\/div><\/div><\/div><\/div><div class=\"timeline-content\"><div class=\"ctl-row\"><div class=\"ctl-col-6\"><div class=\"story-details\"><div class=\"story-image\"><\/div><h3 style=\"color:#000;font-size:16px;line-height:21.44px\">inter.aktionen I-VI<\/h3><p style=\"color:#000;font-size:12px;line-height:20.759999999999998px\">Performance Serie mit 6 verschiedenen Musiker\/innen (Hans Koch, Philipp L\u00e4ng, Martin Lorenz, Jalalu-Kalvert Nelson, Iris Rennert, Martin Sch\u00fctz) 12 Vorstellungen in Biel, Bern, Baden, Nidau (Kreuz)<\/p><\/div><\/div><div class=\"ctl-col-6\"><div class=\"story-time\"><div style=\"color:#000;font-size:16px\">2006\/07<\/div><\/div><\/div><\/div><\/div><div class=\"timeline-content\"><div class=\"ctl-row\"><div class=\"ctl-col-6\"><div class=\"story-time\"><div style=\"color:#000;font-size:16px\">2006<\/div><\/div><\/div><div class=\"ctl-col-6\"><div class=\"story-details\"><div class=\"story-image\"><\/div><h3 style=\"color:#000;font-size:16px;line-height:21.44px\">projekt.raum<\/h3><p style=\"color:#000;font-size:12px;line-height:20.759999999999998px\">St\u00fcck f\u00fcr Tanz , Live Camera und live Musik, Auff\u00fchrung im Rahmen des Steps Festival in Biel<\/p><\/div><\/div><\/div><\/div><div class=\"timeline-content\"><div class=\"ctl-row\"><div class=\"ctl-col-6\"><div class=\"story-details\"><div class=\"story-image\"><\/div><h3 style=\"color:#000;font-size:16px;line-height:21.44px\">zeit.zellen<\/h3><p style=\"color:#000;font-size:12px;line-height:20.759999999999998px\">installatives St\u00fcck f\u00fcr 5 T\u00e4nzer\/innen, Biel, Neuch\u00e2tel, Z\u00fcrich<\/p><\/div><\/div><div class=\"ctl-col-6\"><div class=\"story-time\"><div style=\"color:#000;font-size:16px\">2003<\/div><\/div><\/div><\/div><\/div><div class=\"timeline-content\"><div class=\"ctl-row\"><div class=\"ctl-col-6\"><div class=\"story-time\"><div style=\"color:#000;font-size:16px\">2001<\/div><\/div><\/div><div class=\"ctl-col-6\"><div class=\"story-details\"><div class=\"story-image\"><\/div><h3 style=\"color:#000;font-size:16px;line-height:21.44px\">outscape \/ in.sight<\/h3><p style=\"color:#000;font-size:12px;line-height:20.759999999999998px\">abendf\u00fcllendes Doppelprogramm (Trio, Solo), Biel, Bern, Neuch\u00e2tel, Luzern<\/p><\/div><\/div><\/div><\/div><div class=\"timeline-content\"><div class=\"ctl-row\"><div class=\"ctl-col-6\"><div class=\"story-details\"><div class=\"story-image\"><\/div><h3 style=\"color:#000;font-size:16px;line-height:21.44px\">Scratches \u2013 to live by<\/h3><p style=\"color:#000;font-size:12px;line-height:20.759999999999998px\">abendf\u00fcllendes Tanz-Theater St\u00fcck (Duo), Biel, Bern, Z\u00fcrich, Neuch\u00e2tel, Berlin<\/p><\/div><\/div><div class=\"ctl-col-6\"><div class=\"story-time\"><div style=\"color:#000;font-size:16px\">1999\/2001<\/div><\/div><\/div><\/div><\/div><div class=\"timeline-content\"><div class=\"ctl-row\"><div class=\"ctl-col-6\"><div class=\"story-time\"><div style=\"color:#000;font-size:16px\">1997<\/div><\/div><\/div><div class=\"ctl-col-6\"><div class=\"story-details\"><div class=\"story-image\"><\/div><h3 style=\"color:#000;font-size:16px;line-height:21.44px\">Boundaries (Duo)<\/h3><p style=\"color:#000;font-size:12px;line-height:20.759999999999998px\">Tanzhaus Wasserwerk Z\u00fcrich, Neuch\u00e2tel Dance Festival<\/p><\/div><\/div><\/div><\/div><div class=\"timeline-content\"><div class=\"ctl-row\"><div class=\"ctl-col-6\"><div class=\"story-details\"><div class=\"story-image\"><\/div><h3 style=\"color:#000;font-size:16px;line-height:21.44px\">Seyon f\u00fcr 5 T\u00e4nzerInnen<\/h3><p style=\"color:#000;font-size:12px;line-height:20.759999999999998px\">Neuch\u00e2tel Dance Festival<\/p><\/div><\/div><div class=\"ctl-col-6\"><div class=\"story-time\"><div style=\"color:#000;font-size:16px\">1996<\/div><\/div><\/div><\/div><\/div><div class=\"timeline-content\"><div class=\"ctl-row\"><div class=\"ctl-col-6\"><div class=\"story-time\"><div style=\"color:#000;font-size:16px\">1995<\/div><\/div><\/div><div class=\"ctl-col-6\"><div class=\"story-details\"><div class=\"story-image\"><\/div><h3 style=\"color:#000;font-size:16px;line-height:21.44px\">MOviMENTo (Duo)<\/h3><p style=\"color:#000;font-size:12px;line-height:20.759999999999998px\">Tanz in St\u00fccken (Z\u00fcrich, Lausanne, Bern, Genf)<\/p><\/div><\/div><\/div><\/div><div class=\"timeline-content\"><div class=\"ctl-row\"><div class=\"ctl-col-6\"><div class=\"story-details\"><div class=\"story-image\"><\/div><h3 style=\"color:#000;font-size:16px;line-height:21.44px\">Strings (Duo)<\/h3><p style=\"color:#000;font-size:12px;line-height:20.759999999999998px\">Dia Center for the Arts New York<\/p><\/div><\/div><div class=\"ctl-col-6\"><div class=\"story-time\"><div style=\"color:#000;font-size:16px\">1994<\/div><\/div><\/div><\/div><\/div><div class=\"timeline-content\"><div class=\"ctl-row\"><div class=\"ctl-col-6\"><div class=\"story-time\"><div style=\"color:#000;font-size:16px\">1993<\/div><\/div><\/div><div class=\"ctl-col-6\"><div class=\"story-details\"><div class=\"story-image\"><\/div><h3 style=\"color:#000;font-size:16px;line-height:21.44px\">Monolog (Solo)<\/h3><p style=\"color:#000;font-size:12px;line-height:20.759999999999998px\">Wettingen, Biel, Performance Space Brooklyn (NY)<\/p><\/div><\/div><\/div><\/div><div class=\"timeline-content\"><div class=\"ctl-row\"><div class=\"ctl-col-6\"><div class=\"story-details\"><div class=\"story-image\"><\/div><h3 style=\"color:#000;font-size:16px;line-height:21.44px\">Unordnen<\/h3><p style=\"color:#000;font-size:12px;line-height:20.759999999999998px\">Tanz und Sprache<\/p><\/div><\/div><div class=\"ctl-col-6\"><div class=\"story-time\"><div style=\"color:#000;font-size:16px\">2022<\/div><\/div><\/div><\/div><\/div><\/div><\/div>\n","protected":false},"excerpt":{"rendered":"","protected":false},"author":1,"featured_media":509,"parent":0,"menu_order":0,"comment_status":"closed","ping_status":"closed","template":"","meta":{"footnotes":""},"class_list":["post-167","page","type-page","status-publish","has-post-thumbnail","hentry"],"translation":{"provider":"WPGlobus","version":"3.0.2","language":"de","enabled_languages":["de","fr","en"],"languages":{"de":{"title":true,"content":true,"excerpt":false},"fr":{"title":false,"content":false,"excerpt":false},"en":{"title":false,"content":false,"excerpt":false}}},"_links":{"self":[{"href":"https:\/\/susannemuellernelson.ch\/wordpress\/wp-json\/wp\/v2\/pages\/167","targetHints":{"allow":["GET"]}}],"collection":[{"href":"https:\/\/susannemuellernelson.ch\/wordpress\/wp-json\/wp\/v2\/pages"}],"about":[{"href":"https:\/\/susannemuellernelson.ch\/wordpress\/wp-json\/wp\/v2\/types\/page"}],"author":[{"embeddable":true,"href":"https:\/\/susannemuellernelson.ch\/wordpress\/wp-json\/wp\/v2\/users\/1"}],"replies":[{"embeddable":true,"href":"https:\/\/susannemuellernelson.ch\/wordpress\/wp-json\/wp\/v2\/comments?post=167"}],"version-history":[{"count":15,"href":"https:\/\/susannemuellernelson.ch\/wordpress\/wp-json\/wp\/v2\/pages\/167\/revisions"}],"predecessor-version":[{"id":2069,"href":"https:\/\/susannemuellernelson.ch\/wordpress\/wp-json\/wp\/v2\/pages\/167\/revisions\/2069"}],"wp:featuredmedia":[{"embeddable":true,"href":"https:\/\/susannemuellernelson.ch\/wordpress\/wp-json\/wp\/v2\/media\/509"}],"wp:attachment":[{"href":"https:\/\/susannemuellernelson.ch\/wordpress\/wp-json\/wp\/v2\/media?parent=167"}],"curies":[{"name":"wp","href":"https:\/\/api.w.org\/{rel}","templated":true}]}}