{"id":147,"date":"2020-12-29T14:07:32","date_gmt":"2020-12-29T14:07:32","guid":{"rendered":"https:\/\/susannemuellernelson.ch\/wordpress\/?page_id=147"},"modified":"2021-08-08T18:16:40","modified_gmt":"2021-08-08T17:16:40","slug":"curriculum-vitae","status":"publish","type":"page","link":"https:\/\/susannemuellernelson.ch\/wordpress\/portrait\/curriculum-vitae\/","title":{"rendered":"Curriculum Vitae"},"content":{"rendered":"\n<p>*15.2.1963<br>T\u00e4nzerin, Choreografin, Tanzp\u00e4dagogin, Feldenkrais\u00ae Lehrerin, Kulturvermittlerin<\/p>\n\n\n\n<div class=\"wp-block-columns is-layout-flex wp-container-core-columns-is-layout-28f84493 wp-block-columns-is-layout-flex\">\n<div class=\"wp-block-column is-layout-flow wp-block-column-is-layout-flow\">\n<h2 class=\"wp-block-heading\">T\u00e4nzerische Ausbildung<\/h2>\n\n\n\n<figure class=\"wp-block-table is-style-stripes\"><table><tbody><tr><td>1987-1989<\/td><td>Tanzausbildung in Montpellier (F) (Leitung Annemarie Porras, Rudy Bryans)<br>Regelm\u00e4ssige Workshops u.a. mit Rui Horta, Dominique Bagouet<\/td><\/tr><tr><td>1976-1987<\/td><td>Klassisches Ballett, Modernjazz bei Hans J\u00fcrg Forrer, Baden<\/td><\/tr><tr><td>1976-1984<\/td><td>Mitglied des Nationalkaders der Rhythmischen Sportgymnastik, Teilnahme an Europa-und Weltmeisterschaften und Olympischen Spielen<\/td><\/tr><tr><td>1969-1976<\/td><td>Klassisches Ballett Frau Wachter, Biel<\/td><\/tr><\/tbody><\/table><\/figure>\n\n\n\n<h2 class=\"wp-block-heading\">T\u00e4nzerische Weiterbildung<\/h2>\n\n\n\n<figure class=\"wp-block-table is-style-stripes\"><table><tbody><tr><td>seit 1995<\/td><td>Workshops u.a. mit Rosalind Crisp, Julyen Hamilton, Thomas Hauert, Emio Greco, Rosemarie Butcher, Jeremy Nelson, Ivan Wolfe<\/td><\/tr><tr><td>1990-1994<\/td><td>New York: Weiterbildung in Modernem Tanz (Lim\u00f2n, Cunningham, Muller) und Zeitgen\u00f6ssischem Tanz (Joanna Mendl-Shaw, Vicky Shick, David Zambrano, Barbara Mahler), Improvisation (Sara Pearson), Choreografie (Ruth Currier) u.a.<\/td><\/tr><\/tbody><\/table><\/figure>\n<\/div>\n\n\n\n<div class=\"wp-block-column is-layout-flow wp-block-column-is-layout-flow\">\n<h2 class=\"wp-block-heading\">\u00dcbrige Berufs- und Weiterbildung<\/h2>\n\n\n\n<figure class=\"wp-block-table is-style-stripes\"><table><tbody><tr><td>2012-2013<\/td><td>MAS TanzKultur, Universit\u00e4t Bern<\/td><\/tr><tr><td>2001-2005<\/td><td>Ausbildung zum Feldenkrais Practitioner\u00ae<\/td><\/tr><tr><td>1982-1987<\/td><td>Sekundarlehramt Universit\u00e4t Bern (Deutsch, Franz\u00f6sisch, Sport, Zeichnen)<\/td><\/tr><\/tbody><\/table><\/figure>\n\n\n\n<h2 class=\"wp-block-heading\">Schulbildung<\/h2>\n\n\n\n<figure class=\"wp-block-table is-style-stripes\"><table><tbody><tr><td>1969-74<\/td><td>Primar- und Sekundarschulen, Studen<\/td><\/tr><tr><td>1975-81<\/td><td>Gymnasium, Biel<\/td><\/tr><\/tbody><\/table><\/figure>\n<\/div>\n<\/div>\n\n\n\n<h2 class=\"wp-block-heading\">Preise und Stipendien<\/h2>\n\n\n\n<figure class=\"wp-block-table is-style-stripes\"><table><tbody><tr><td>2015<\/td><td>Atelier Stipendium Berlin 2016\/17<\/td><\/tr><tr><td>2014<\/td><td>Weiterentwicklungsbeitrag des Kantons Bern f\u00fcr self\/dis\/play<\/td><\/tr><tr><td>2010<\/td><td>OFF Stage Stipendium 2010 des Kantons Bern<\/td><\/tr><tr><td>2010<\/td><td>Preis der Mediathek Tanz f\u00fcr end::spiel 4<\/td><\/tr><tr><td>2008<\/td><td>Gewinn des Projekts TanzKompakt des Kantons Bern (Vermittlungsprojekt)<\/td><\/tr><tr><td>2007<\/td><td>Weiterentwicklungsbeitrag des Kantons Bern f\u00fcr zeit.zellen<\/td><\/tr><tr><td>1989<\/td><td>Stipendium der Otto Tschumi Stiftung<\/td><\/tr><\/tbody><\/table><\/figure>\n","protected":false},"excerpt":{"rendered":"<p>*15.2.1963T\u00e4nzerin, Choreografin, Tanzp\u00e4dagogin, Feldenkrais\u00ae Lehrerin, Kulturvermittlerin T\u00e4nzerische Ausbildung 1987-1989 Tanzausbildung in Montpellier (F) (Leitung Annemarie Porras, Rudy Bryans)Regelm\u00e4ssige Workshops u.a. mit Rui Horta, Dominique Bagouet 1976-1987 Klassisches Ballett, Modernjazz bei Hans J\u00fcrg Forrer, Baden 1976-1984 Mitglied des Nationalkaders der Rhythmischen Sportgymnastik, Teilnahme an Europa-und Weltmeisterschaften und Olympischen Spielen 1969-1976 Klassisches Ballett Frau Wachter, Biel T\u00e4nzerische [&hellip;]<\/p>\n","protected":false},"author":1,"featured_media":2024,"parent":144,"menu_order":0,"comment_status":"closed","ping_status":"closed","template":"","meta":{"footnotes":""},"class_list":["post-147","page","type-page","status-publish","has-post-thumbnail","hentry"],"translation":{"provider":"WPGlobus","version":"3.0.2","language":"de","enabled_languages":["de","fr","en"],"languages":{"de":{"title":true,"content":true,"excerpt":false},"fr":{"title":false,"content":false,"excerpt":false},"en":{"title":false,"content":false,"excerpt":false}}},"_links":{"self":[{"href":"https:\/\/susannemuellernelson.ch\/wordpress\/wp-json\/wp\/v2\/pages\/147","targetHints":{"allow":["GET"]}}],"collection":[{"href":"https:\/\/susannemuellernelson.ch\/wordpress\/wp-json\/wp\/v2\/pages"}],"about":[{"href":"https:\/\/susannemuellernelson.ch\/wordpress\/wp-json\/wp\/v2\/types\/page"}],"author":[{"embeddable":true,"href":"https:\/\/susannemuellernelson.ch\/wordpress\/wp-json\/wp\/v2\/users\/1"}],"replies":[{"embeddable":true,"href":"https:\/\/susannemuellernelson.ch\/wordpress\/wp-json\/wp\/v2\/comments?post=147"}],"version-history":[{"count":16,"href":"https:\/\/susannemuellernelson.ch\/wordpress\/wp-json\/wp\/v2\/pages\/147\/revisions"}],"predecessor-version":[{"id":2071,"href":"https:\/\/susannemuellernelson.ch\/wordpress\/wp-json\/wp\/v2\/pages\/147\/revisions\/2071"}],"up":[{"embeddable":true,"href":"https:\/\/susannemuellernelson.ch\/wordpress\/wp-json\/wp\/v2\/pages\/144"}],"wp:featuredmedia":[{"embeddable":true,"href":"https:\/\/susannemuellernelson.ch\/wordpress\/wp-json\/wp\/v2\/media\/2024"}],"wp:attachment":[{"href":"https:\/\/susannemuellernelson.ch\/wordpress\/wp-json\/wp\/v2\/media?parent=147"}],"curies":[{"name":"wp","href":"https:\/\/api.w.org\/{rel}","templated":true}]}}