{"id":144,"date":"2020-12-29T13:58:32","date_gmt":"2020-12-29T13:58:32","guid":{"rendered":"https:\/\/susannemuellernelson.ch\/wordpress\/?page_id=144"},"modified":"2022-05-02T13:42:02","modified_gmt":"2022-05-02T12:42:02","slug":"portrait","status":"publish","type":"page","link":"https:\/\/susannemuellernelson.ch\/wordpress\/portrait\/","title":{"rendered":"Portrait"},"content":{"rendered":"<p><img loading=\"lazy\" decoding=\"async\" class=\"size-medium wp-image-2546 alignright\" src=\"https:\/\/susannemuellernelson.ch\/wordpress\/wp-content\/uploads\/2021\/10\/SMN-Portra\u0308t-2-225x300.jpeg\" alt=\"\" width=\"225\" height=\"300\" srcset=\"https:\/\/susannemuellernelson.ch\/wordpress\/wp-content\/uploads\/2021\/10\/SMN-Portra\u0308t-2-225x300.jpeg 225w, https:\/\/susannemuellernelson.ch\/wordpress\/wp-content\/uploads\/2021\/10\/SMN-Portra\u0308t-2-768x1024.jpeg 768w, https:\/\/susannemuellernelson.ch\/wordpress\/wp-content\/uploads\/2021\/10\/SMN-Portra\u0308t-2.jpeg 810w\" sizes=\"auto, (max-width: 225px) 100vw, 225px\" \/>Wichtige Bezugspunkte ihrer k\u00fcnstlerischen Arbeiten sind die innere und \u00e4ussere Wahrnehmung und damit verbundene Fragen der (Re-)Pr\u00e4sentation und der Rezeption von K\u00f6rper, Raum und Musik. Mit den Mitteln des Tanzes und der Choreografie untersucht sie Grenzbereiche und hinterfragt (Macht-)Verh\u00e4ltnisse u.a. zwischen Tanz und Musik, zwischen Bild und Bewegung, zwischen Choreografin und T\u00e4nzerin und zwischen Performance und Publikum. Diese Interessen m\u00fcnden oft in Zusammenarbeit mit K\u00fcnstler*innen unterschiedlicher Sparten.<\/p>\n<p><img loading=\"lazy\" decoding=\"async\" class=\"alignleft wp-image-474 size-medium\" src=\"https:\/\/susannemuellernelson.ch\/wordpress\/wp-content\/uploads\/2020\/12\/performance_inter-aktionen_12-300x200.jpg\" alt=\"Performance \u00abinter.aktionen\u00bb\" width=\"300\" height=\"200\" srcset=\"https:\/\/susannemuellernelson.ch\/wordpress\/wp-content\/uploads\/2020\/12\/performance_inter-aktionen_12-300x200.jpg 300w, https:\/\/susannemuellernelson.ch\/wordpress\/wp-content\/uploads\/2020\/12\/performance_inter-aktionen_12-1024x682.jpg 1024w, https:\/\/susannemuellernelson.ch\/wordpress\/wp-content\/uploads\/2020\/12\/performance_inter-aktionen_12-768x511.jpg 768w, https:\/\/susannemuellernelson.ch\/wordpress\/wp-content\/uploads\/2020\/12\/performance_inter-aktionen_12-391x260.jpg 391w, https:\/\/susannemuellernelson.ch\/wordpress\/wp-content\/uploads\/2020\/12\/performance_inter-aktionen_12-1536x1022.jpg 1536w, https:\/\/susannemuellernelson.ch\/wordpress\/wp-content\/uploads\/2020\/12\/performance_inter-aktionen_12.jpg 1920w\" sizes=\"auto, (max-width: 300px) 100vw, 300px\" \/><\/p>\n<p>Das Erforschen der Bewegung und der Entscheidungsmechanismen, welche ihr zugrunde liegen, stehen oft am Anfang eines Prozesses. In ihrer Bewegungssprache lotet sie die Architektur des K\u00f6rpers st\u00e4ndig neu aus. Die Auseinandersetzung mit Raum und Zeit bieten Anlass f\u00fcr wiederkehrende, oft von der Philosophie oder der bildenden Kunst beeinflusste Fragen. Ihre St\u00fccke sind sowohl choreografiert als auch improvisiert oder site-specific. Susanne Mueller Nelson arbeitet regelm\u00e4ssig mit K\u00fcnstler\/innen aus anderen Kunstsparten.<\/p>\n<p>Nach ihrer Sportkarriere im Nationalteam der Rhythmischen Gymnastik widmete sich Susanne Mueller Nelson seit 1984 der k\u00fcnstlerischen Seite der Bewegung und absolvierte zuerst ihre Tanzausbildung in Montpellier. Dort kam sie auch mit der Arbeit von Rui Horta und Dominique Bagouet in Kontakt. Diese beiden sehr unterschiedlichen Ans\u00e4tze, so wie die darauf folgenden 4 Jahre Aufenthalt in New York (veranlasst durch ein Stipendium der Otto Tschumi Stiftung) pr\u00e4gten ihr weiteres Schaffen: einerseits der abstrakte und zugleich pr\u00e4zise Umgang mit Bewegung, anderseits das Ausloten der Bewegung bis an die physische Grenzen und die Auseinandersetzung mit Raum, Pr\u00e4senz und die Beziehung zum Publikum. Seit ihrer Ausbildung zur Feldenkrais\u00ae Lehrerin (2001-2005) bildet diese Methode eine wichtige Basis f\u00fcr ebendiese Fragen und ihr k\u00fcnstlerisches Schaffen.<\/p>\n<p><img loading=\"lazy\" decoding=\"async\" class=\"alignright wp-image-459 size-medium\" src=\"https:\/\/susannemuellernelson.ch\/wordpress\/wp-content\/uploads\/2020\/12\/performance_album_im_freien_02-300x200.jpg\" alt=\"Performance \u00abAlbum\u00bb\" width=\"300\" height=\"200\" srcset=\"https:\/\/susannemuellernelson.ch\/wordpress\/wp-content\/uploads\/2020\/12\/performance_album_im_freien_02-300x200.jpg 300w, https:\/\/susannemuellernelson.ch\/wordpress\/wp-content\/uploads\/2020\/12\/performance_album_im_freien_02-1024x682.jpg 1024w, https:\/\/susannemuellernelson.ch\/wordpress\/wp-content\/uploads\/2020\/12\/performance_album_im_freien_02-768x512.jpg 768w, https:\/\/susannemuellernelson.ch\/wordpress\/wp-content\/uploads\/2020\/12\/performance_album_im_freien_02-391x260.jpg 391w, https:\/\/susannemuellernelson.ch\/wordpress\/wp-content\/uploads\/2020\/12\/performance_album_im_freien_02-1536x1024.jpg 1536w, https:\/\/susannemuellernelson.ch\/wordpress\/wp-content\/uploads\/2020\/12\/performance_album_im_freien_02.jpg 1772w\" sizes=\"auto, (max-width: 300px) 100vw, 300px\" \/><\/p>\n<p>Unter dem Namen co.ainsi.danse hat sie bis jetzt zahlreiche abendf\u00fcllende und einige k\u00fcrzere St\u00fccke produziert, welche in der Schweiz und im Ausland gezeigt wurden. Daneben ist sie eine gefragte Gastlehrerin im In- und Ausland.<br \/>\n2010 erhielt sie das OFF Stage Stipendium des Kantons Bern, welches ihr erm\u00f6glicht hat, ihrer k\u00fcnstlerischen Arbeit eine neue Ausrichtung zu geben. 2013 absolvierte sie den MAS TanzKultur an der Universit\u00e4t Bern. Das ihrer Abschlussarbeit zugrundeliegende Thema der Vermittlung von zeitgen\u00f6ssischen Tanzauff\u00fchrungen hat sie weiterentwickelt und begonnen, in die die Praxis umzusetzen. Seither ist sie eine gefragte Fachperson auf dem Gebiet der Vermittlung.<br \/>\n<img loading=\"lazy\" decoding=\"async\" class=\"wp-image-465 size-medium alignleft\" src=\"https:\/\/susannemuellernelson.ch\/wordpress\/wp-content\/uploads\/2020\/12\/performance_inter-aktionen_03-216x300.jpg\" alt=\"Performance \u00abinter.aktionen\u00bb\" width=\"216\" height=\"300\" srcset=\"https:\/\/susannemuellernelson.ch\/wordpress\/wp-content\/uploads\/2020\/12\/performance_inter-aktionen_03-216x300.jpg 216w, https:\/\/susannemuellernelson.ch\/wordpress\/wp-content\/uploads\/2020\/12\/performance_inter-aktionen_03-739x1024.jpg 739w, https:\/\/susannemuellernelson.ch\/wordpress\/wp-content\/uploads\/2020\/12\/performance_inter-aktionen_03-768x1064.jpg 768w, https:\/\/susannemuellernelson.ch\/wordpress\/wp-content\/uploads\/2020\/12\/performance_inter-aktionen_03.jpg 1029w\" sizes=\"auto, (max-width: 216px) 100vw, 216px\" \/>Von August 2016 bis Januar 2017 weilte sie mit dem Atelier Stipendium des Kantons Bern in Berlin.<\/p>\n","protected":false},"excerpt":{"rendered":"<p>Wichtige Bezugspunkte ihrer k\u00fcnstlerischen Arbeiten sind die innere und \u00e4ussere Wahrnehmung und damit verbundene Fragen der (Re-)Pr\u00e4sentation und der Rezeption von K\u00f6rper, Raum und Musik. Mit den Mitteln des Tanzes und der Choreografie untersucht sie Grenzbereiche und hinterfragt (Macht-)Verh\u00e4ltnisse u.a. zwischen Tanz und Musik, zwischen Bild und Bewegung, zwischen Choreografin und T\u00e4nzerin und zwischen Performance [&hellip;]<\/p>\n","protected":false},"author":1,"featured_media":48,"parent":0,"menu_order":0,"comment_status":"closed","ping_status":"closed","template":"","meta":{"footnotes":""},"class_list":["post-144","page","type-page","status-publish","has-post-thumbnail","hentry"],"translation":{"provider":"WPGlobus","version":"3.0.2","language":"de","enabled_languages":["de","fr","en"],"languages":{"de":{"title":true,"content":true,"excerpt":false},"fr":{"title":true,"content":true,"excerpt":false},"en":{"title":true,"content":true,"excerpt":false}}},"_links":{"self":[{"href":"https:\/\/susannemuellernelson.ch\/wordpress\/wp-json\/wp\/v2\/pages\/144","targetHints":{"allow":["GET"]}}],"collection":[{"href":"https:\/\/susannemuellernelson.ch\/wordpress\/wp-json\/wp\/v2\/pages"}],"about":[{"href":"https:\/\/susannemuellernelson.ch\/wordpress\/wp-json\/wp\/v2\/types\/page"}],"author":[{"embeddable":true,"href":"https:\/\/susannemuellernelson.ch\/wordpress\/wp-json\/wp\/v2\/users\/1"}],"replies":[{"embeddable":true,"href":"https:\/\/susannemuellernelson.ch\/wordpress\/wp-json\/wp\/v2\/comments?post=144"}],"version-history":[{"count":52,"href":"https:\/\/susannemuellernelson.ch\/wordpress\/wp-json\/wp\/v2\/pages\/144\/revisions"}],"predecessor-version":[{"id":2801,"href":"https:\/\/susannemuellernelson.ch\/wordpress\/wp-json\/wp\/v2\/pages\/144\/revisions\/2801"}],"wp:featuredmedia":[{"embeddable":true,"href":"https:\/\/susannemuellernelson.ch\/wordpress\/wp-json\/wp\/v2\/media\/48"}],"wp:attachment":[{"href":"https:\/\/susannemuellernelson.ch\/wordpress\/wp-json\/wp\/v2\/media?parent=144"}],"curies":[{"name":"wp","href":"https:\/\/api.w.org\/{rel}","templated":true}]}}