{"id":3474,"date":"2026-05-03T16:55:49","date_gmt":"2026-05-03T15:55:49","guid":{"rendered":"https:\/\/susannemuellernelson.ch\/wordpress\/?page_id=3474"},"modified":"2026-05-03T17:13:36","modified_gmt":"2026-05-03T16:13:36","slug":"portait-nr-2","status":"publish","type":"page","link":"https:\/\/susannemuellernelson.ch\/wordpress\/fr\/portait-nr-2\/","title":{"rendered":"A propos"},"content":{"rendered":"<p><img loading=\"lazy\" decoding=\"async\" class=\"alignleft size-medium wp-image-1854\" src=\"https:\/\/susannemuellernelson.ch\/wordpress\/wp-content\/uploads\/2021\/06\/IMG_2098-225x300.jpg\" alt=\"\" width=\"225\" height=\"300\" srcset=\"https:\/\/susannemuellernelson.ch\/wordpress\/wp-content\/uploads\/2021\/06\/IMG_2098-225x300.jpg 225w, https:\/\/susannemuellernelson.ch\/wordpress\/wp-content\/uploads\/2021\/06\/IMG_2098-768x1024.jpg 768w, https:\/\/susannemuellernelson.ch\/wordpress\/wp-content\/uploads\/2021\/06\/IMG_2098-1152x1536.jpg 1152w, https:\/\/susannemuellernelson.ch\/wordpress\/wp-content\/uploads\/2021\/06\/IMG_2098-1536x2048.jpg 1536w, https:\/\/susannemuellernelson.ch\/wordpress\/wp-content\/uploads\/2021\/06\/IMG_2098-scaled.jpg 1920w\" sizes=\"auto, (max-width: 225px) 100vw, 225px\" \/>Dans son travail, elle s\u2019int\u00e9resse aux pratiques somatiques et aux questions philosophiques, qu\u2019elle prend comme point de d\u00e9part pour ses r\u00e9flexions artistiques sur la perception de son propre corps, de l\u2019environnement et des d\u00e9fis sociaux.<\/p>\n<p>L\u2019exploration du mouvement et des m\u00e9canismes d\u00e9cisionnels qui le sous-tendent marque souvent le d\u00e9but d\u2019un processus. \u00c0 travers son langage gestuel, elle ne cesse de red\u00e9couvrir l\u2019architecture du corps. La r\u00e9flexion sur l&rsquo;espace et le temps donne lieu \u00e0 des questions r\u00e9currentes, souvent influenc\u00e9es par la philosophie ou les arts plastiques. Ses pi\u00e8ces sont \u00e0 la fois chor\u00e9graphi\u00e9es, improvis\u00e9es ou sp\u00e9cifiques \u00e0 un lieu. Susanne Mueller Nelson travaille r\u00e9guli\u00e8rement avec des artistes issus d&rsquo;autres disciplines artistiques.<\/p>\n<p>&nbsp;<\/p>\n<p>&nbsp;<\/p>\n<p>&nbsp;<\/p>\n<p><img loading=\"lazy\" decoding=\"async\" class=\"alignleft size-medium wp-image-474\" src=\"https:\/\/susannemuellernelson.ch\/wordpress\/wp-content\/uploads\/2020\/12\/performance_inter-aktionen_12-300x200.jpg\" alt=\"Performance \u00abinter.aktionen\u00bb\" width=\"300\" height=\"200\" srcset=\"https:\/\/susannemuellernelson.ch\/wordpress\/wp-content\/uploads\/2020\/12\/performance_inter-aktionen_12-300x200.jpg 300w, https:\/\/susannemuellernelson.ch\/wordpress\/wp-content\/uploads\/2020\/12\/performance_inter-aktionen_12-1024x682.jpg 1024w, https:\/\/susannemuellernelson.ch\/wordpress\/wp-content\/uploads\/2020\/12\/performance_inter-aktionen_12-768x511.jpg 768w, https:\/\/susannemuellernelson.ch\/wordpress\/wp-content\/uploads\/2020\/12\/performance_inter-aktionen_12-391x260.jpg 391w, https:\/\/susannemuellernelson.ch\/wordpress\/wp-content\/uploads\/2020\/12\/performance_inter-aktionen_12-1536x1022.jpg 1536w, https:\/\/susannemuellernelson.ch\/wordpress\/wp-content\/uploads\/2020\/12\/performance_inter-aktionen_12.jpg 1920w\" sizes=\"auto, (max-width: 300px) 100vw, 300px\" \/>Apr\u00e8s sa carri\u00e8re sportive au sein de l&rsquo;\u00e9quipe nationale de gymnastique rythmique, Susanne Mueller Nelson s&rsquo;est consacr\u00e9e d\u00e8s 1984 \u00e0 la dimension artistique du mouvement et a d&rsquo;abord suivi une formation en danse \u00e0 Montpellier. C&rsquo;est l\u00e0 qu&rsquo;elle a d\u00e9couvert le travail de Rui Horta et de Dominique Bagouet. Ces deux approches tr\u00e8s diff\u00e9rentes, ainsi que les quatre ann\u00e9es pass\u00e9es \u00e0 New York (gr\u00e2ce \u00e0 une bourse de la Fondation Otto Tschumi), ont marqu\u00e9 son travail ult\u00e9rieur : d\u2019une part, une approche \u00e0 la fois abstraite et pr\u00e9cise du mouvement ; d\u2019autre part, l\u2019exploration du mouvement jusqu\u2019aux limites physiques et la r\u00e9flexion sur l\u2019espace, la pr\u00e9sence et la relation avec le public. Depuis sa formation d\u2019enseignante Feldenkrais\u00ae (2001-2005), cette m\u00e9thode constitue une base importante pour ces questions et pour sa cr\u00e9ation artistique.<\/p>\n<p><img loading=\"lazy\" decoding=\"async\" class=\"alignright size-medium wp-image-459\" src=\"https:\/\/susannemuellernelson.ch\/wordpress\/wp-content\/uploads\/2020\/12\/performance_album_im_freien_02-300x200.jpg\" alt=\"Performance \u00abAlbum\u00bb\" width=\"300\" height=\"200\" srcset=\"https:\/\/susannemuellernelson.ch\/wordpress\/wp-content\/uploads\/2020\/12\/performance_album_im_freien_02-300x200.jpg 300w, https:\/\/susannemuellernelson.ch\/wordpress\/wp-content\/uploads\/2020\/12\/performance_album_im_freien_02-1024x682.jpg 1024w, https:\/\/susannemuellernelson.ch\/wordpress\/wp-content\/uploads\/2020\/12\/performance_album_im_freien_02-768x512.jpg 768w, https:\/\/susannemuellernelson.ch\/wordpress\/wp-content\/uploads\/2020\/12\/performance_album_im_freien_02-391x260.jpg 391w, https:\/\/susannemuellernelson.ch\/wordpress\/wp-content\/uploads\/2020\/12\/performance_album_im_freien_02-1536x1024.jpg 1536w, https:\/\/susannemuellernelson.ch\/wordpress\/wp-content\/uploads\/2020\/12\/performance_album_im_freien_02.jpg 1772w\" sizes=\"auto, (max-width: 300px) 100vw, 300px\" \/>Sous le nom de co.ainsi.danse, elle a produit jusqu\u2019\u00e0 pr\u00e9sent de nombreuses pi\u00e8ces d\u2019une soir\u00e9e et quelques pi\u00e8ces plus courtes, qui ont \u00e9t\u00e9 pr\u00e9sent\u00e9es en Suisse et \u00e0 l\u2019\u00e9tranger. Elle est par ailleurs une professeure invit\u00e9e tr\u00e8s demand\u00e9e en Suisse et \u00e0 l\u2019\u00e9tranger.<\/p>\n<p>En 2010, elle a re\u00e7u la bourse OFF Stage du canton de Berne, qui lui a permis de donner une nouvelle orientation \u00e0 son travail artistique. En 2013, elle a obtenu le MAS TanzKultur \u00e0 l\u2019Universit\u00e9 de Berne. Elle a approfondi le th\u00e8me de la m\u00e9diation des spectacles de danse contemporaine, qui \u00e9tait au c\u0153ur de son m\u00e9moire, et a commenc\u00e9 \u00e0 le mettre en pratique. Depuis, elle est une experte tr\u00e8s sollicit\u00e9e dans le domaine de la m\u00e9diation.<\/p>\n<p><img loading=\"lazy\" decoding=\"async\" class=\"alignleft size-medium wp-image-465\" src=\"https:\/\/susannemuellernelson.ch\/wordpress\/wp-content\/uploads\/2020\/12\/performance_inter-aktionen_03-216x300.jpg\" alt=\"Performance \u00abinter.aktionen\u00bb\" width=\"216\" height=\"300\" srcset=\"https:\/\/susannemuellernelson.ch\/wordpress\/wp-content\/uploads\/2020\/12\/performance_inter-aktionen_03-216x300.jpg 216w, https:\/\/susannemuellernelson.ch\/wordpress\/wp-content\/uploads\/2020\/12\/performance_inter-aktionen_03-739x1024.jpg 739w, https:\/\/susannemuellernelson.ch\/wordpress\/wp-content\/uploads\/2020\/12\/performance_inter-aktionen_03-768x1064.jpg 768w, https:\/\/susannemuellernelson.ch\/wordpress\/wp-content\/uploads\/2020\/12\/performance_inter-aktionen_03.jpg 1029w\" sizes=\"auto, (max-width: 216px) 100vw, 216px\" \/>D&rsquo;ao\u00fbt 2016 \u00e0 janvier 2017, elle a s\u00e9journ\u00e9 \u00e0 Berlin gr\u00e2ce \u00e0 la bourse d&rsquo;atelier du canton de Berne et en 2020 elle a re\u00e7u la bourse Continuer du Canton de Berne.<\/p>\n","protected":false},"excerpt":{"rendered":"<p>Dans son travail, elle s\u2019int\u00e9resse aux pratiques somatiques et aux questions philosophiques, qu\u2019elle prend comme point de d\u00e9part pour ses r\u00e9flexions artistiques sur la perception de son propre corps, de l\u2019environnement et des d\u00e9fis sociaux. L\u2019exploration du mouvement et des m\u00e9canismes d\u00e9cisionnels qui le sous-tendent marque souvent le d\u00e9but d\u2019un processus. \u00c0 travers son langage [&hellip;]<\/p>\n","protected":false},"author":3,"featured_media":48,"parent":0,"menu_order":0,"comment_status":"closed","ping_status":"closed","template":"","meta":{"footnotes":""},"class_list":["post-3474","page","type-page","status-publish","has-post-thumbnail","hentry"],"translation":{"provider":"WPGlobus","version":"3.0.2","language":"fr","enabled_languages":["de","fr","en"],"languages":{"de":{"title":true,"content":true,"excerpt":false},"fr":{"title":true,"content":true,"excerpt":false},"en":{"title":true,"content":true,"excerpt":false}}},"_links":{"self":[{"href":"https:\/\/susannemuellernelson.ch\/wordpress\/fr\/wp-json\/wp\/v2\/pages\/3474","targetHints":{"allow":["GET"]}}],"collection":[{"href":"https:\/\/susannemuellernelson.ch\/wordpress\/fr\/wp-json\/wp\/v2\/pages"}],"about":[{"href":"https:\/\/susannemuellernelson.ch\/wordpress\/fr\/wp-json\/wp\/v2\/types\/page"}],"author":[{"embeddable":true,"href":"https:\/\/susannemuellernelson.ch\/wordpress\/fr\/wp-json\/wp\/v2\/users\/3"}],"replies":[{"embeddable":true,"href":"https:\/\/susannemuellernelson.ch\/wordpress\/fr\/wp-json\/wp\/v2\/comments?post=3474"}],"version-history":[{"count":25,"href":"https:\/\/susannemuellernelson.ch\/wordpress\/fr\/wp-json\/wp\/v2\/pages\/3474\/revisions"}],"predecessor-version":[{"id":3508,"href":"https:\/\/susannemuellernelson.ch\/wordpress\/fr\/wp-json\/wp\/v2\/pages\/3474\/revisions\/3508"}],"wp:featuredmedia":[{"embeddable":true,"href":"https:\/\/susannemuellernelson.ch\/wordpress\/fr\/wp-json\/wp\/v2\/media\/48"}],"wp:attachment":[{"href":"https:\/\/susannemuellernelson.ch\/wordpress\/fr\/wp-json\/wp\/v2\/media?parent=3474"}],"curies":[{"name":"wp","href":"https:\/\/api.w.org\/{rel}","templated":true}]}}