{"id":179,"date":"2020-12-29T14:46:19","date_gmt":"2020-12-29T13:46:19","guid":{"rendered":"https:\/\/susannemuellernelson.ch\/wordpress\/?page_id=179"},"modified":"2022-05-02T13:43:48","modified_gmt":"2022-05-02T12:43:48","slug":"feldenkrais-methode","status":"publish","type":"page","link":"https:\/\/susannemuellernelson.ch\/wordpress\/fr\/feldenkrais-methode\/","title":{"rendered":"M\u00e9thode Feldenkais\u00ae"},"content":{"rendered":"<p>La m\u00e9thode Feldenkrais\u00ae part du principe que la qualit\u00e9 du mouvement refl\u00e8te l&rsquo;int\u00e9gralit\u00e9 de notre personnalit\u00e9. Les le\u00e7ons Feldenkrais cr\u00e9ent les conditions pour percevoir les habitudes et exp\u00e9rimenter la possibilit\u00e9 de changement. Ainsi, l&rsquo;image que vous avez de vous-m\u00eame et votre champ d&rsquo;action s&rsquo;\u00e9largissent progressivement.<\/p>\n<p>&nbsp;<\/p>\n<p>Vous ressentez de la l\u00e9g\u00e8ret\u00e9 et de la stabilit\u00e9, une respiration libre et un bien-\u00eatre g\u00e9n\u00e9ral.<\/p>\n<p>&nbsp;<\/p>\n<p>La m\u00e9thode Feldenkrais\u00ae vous aide \u00e0 percevoir votre posture et vos mouvements dans la vie quotidienne, pendant les activit\u00e9s sportives et artistiques.\u00a0 Elle permet de rel\u00e2cher les tensions et d&rsquo;am\u00e9liorer votre \u00e9quilibre et votre souplesse.<\/p>\n<p>&nbsp;<\/p>\n<p>Elle s&rsquo;adresse \u00e0 toutes les personnes, quels que soient leur \u00e2ge, leur condition physique et\/ou mentale.<\/p>\n<p>&nbsp;<\/p>\n","protected":false},"excerpt":{"rendered":"<p>La m\u00e9thode Feldenkrais\u00ae part du principe que la qualit\u00e9 du mouvement refl\u00e8te l&rsquo;int\u00e9gralit\u00e9 de notre personnalit\u00e9. Les le\u00e7ons Feldenkrais cr\u00e9ent les conditions pour percevoir les habitudes et exp\u00e9rimenter la possibilit\u00e9 de changement. Ainsi, l&rsquo;image que vous avez de vous-m\u00eame et votre champ d&rsquo;action s&rsquo;\u00e9largissent progressivement. &nbsp; Vous ressentez de la l\u00e9g\u00e8ret\u00e9 et de la stabilit\u00e9, [&hellip;]<\/p>\n","protected":false},"author":1,"featured_media":452,"parent":0,"menu_order":0,"comment_status":"closed","ping_status":"closed","template":"","meta":{"footnotes":""},"class_list":["post-179","page","type-page","status-publish","has-post-thumbnail","hentry"],"translation":{"provider":"WPGlobus","version":"3.0.2","language":"fr","enabled_languages":["de","fr","en"],"languages":{"de":{"title":true,"content":true,"excerpt":false},"fr":{"title":true,"content":true,"excerpt":false},"en":{"title":true,"content":true,"excerpt":false}}},"_links":{"self":[{"href":"https:\/\/susannemuellernelson.ch\/wordpress\/fr\/wp-json\/wp\/v2\/pages\/179","targetHints":{"allow":["GET"]}}],"collection":[{"href":"https:\/\/susannemuellernelson.ch\/wordpress\/fr\/wp-json\/wp\/v2\/pages"}],"about":[{"href":"https:\/\/susannemuellernelson.ch\/wordpress\/fr\/wp-json\/wp\/v2\/types\/page"}],"author":[{"embeddable":true,"href":"https:\/\/susannemuellernelson.ch\/wordpress\/fr\/wp-json\/wp\/v2\/users\/1"}],"replies":[{"embeddable":true,"href":"https:\/\/susannemuellernelson.ch\/wordpress\/fr\/wp-json\/wp\/v2\/comments?post=179"}],"version-history":[{"count":23,"href":"https:\/\/susannemuellernelson.ch\/wordpress\/fr\/wp-json\/wp\/v2\/pages\/179\/revisions"}],"predecessor-version":[{"id":2802,"href":"https:\/\/susannemuellernelson.ch\/wordpress\/fr\/wp-json\/wp\/v2\/pages\/179\/revisions\/2802"}],"wp:featuredmedia":[{"embeddable":true,"href":"https:\/\/susannemuellernelson.ch\/wordpress\/fr\/wp-json\/wp\/v2\/media\/452"}],"wp:attachment":[{"href":"https:\/\/susannemuellernelson.ch\/wordpress\/fr\/wp-json\/wp\/v2\/media?parent=179"}],"curies":[{"name":"wp","href":"https:\/\/api.w.org\/{rel}","templated":true}]}}