{"id":167,"date":"2020-12-29T14:25:43","date_gmt":"2020-12-29T13:25:43","guid":{"rendered":"https:\/\/susannemuellernelson.ch\/wordpress\/?page_id=167"},"modified":"2026-05-01T14:12:18","modified_gmt":"2026-05-01T13:12:18","slug":"werkliste","status":"publish","type":"page","link":"https:\/\/susannemuellernelson.ch\/wordpress\/en\/werkliste\/","title":{"rendered":"Werkliste"},"content":{"rendered":"<div class=\"wp-block-ctl-instant-timeline\">\r\n<div class=\"ctl-instant-timeline block-1609353295184 both-sided\" style=\"--timelinecolor: #95ad9e; --textcolor: #000; --titlesize: 16px; --descriptionsize: 12px; --timesize: 16px;\">\r\n<div class=\"timeline-content\">\r\n<div class=\"ctl-row\">\r\n<div class=\"ctl-col-6\">\r\n<div class=\"story-time\">\r\n<div style=\"color: #000; font-size: 16px;\">\r\n<div class=\"ctl-col-6\">\r\n<div class=\"story-details\">\r\n<h5 style=\"color: #000; font-size: 16px; line-height: 21.44px;\">2023-2024<\/h5>\r\n<h5 style=\"color: #000; font-size: 16px; line-height: 21.44px;\">Unordnen<\/h5>\r\n<h5 style=\"color: #000; font-size: 12px; line-height: 20.759999999999998px;\">Tanz und Sprache: Katja M\u00fcnker, Berlin, Susanne Mueller Nelson, Biel, Musik: Jalalu-Kalvert Nelson, Biel. Vorstellungne in Biel, Bern und Berlin<\/h5>\r\n<\/div>\r\n<\/div>\r\n<div class=\"story-time\">\r\n<div style=\"color: #000; font-size: 16px;\"><\/div>\r\n<\/div>\r\n<h5><strong>2018-2022<\/strong><\/h5>\r\n<\/div>\r\n<\/div>\r\n<\/div>\r\n<div class=\"story-details\">\r\n<h3 style=\"color: #000; font-size: 16px; line-height: 21.44px;\">Album, Solo<\/h3>\r\n<p style=\"color: #000; font-size: 12px; line-height: 20.759999999999998px;\">Tanz Susanne Mueller Nelson, Musik Jalalu-Kalvert Nelson<\/p>\r\n\r\n<\/div>\r\n<\/div>\r\n<\/div>\r\n<div class=\"ctl-row\">\r\n<div class=\"ctl-col-6\">\r\n<div class=\"story-details\">\r\n<div class=\"story-image\"><\/div>\r\n<h3 style=\"color: #000; font-size: 16px; line-height: 21.44px;\">2012-2013<\/h3>\r\n<strong>corps.peau.real<\/strong>\r\n\r\nf\u00fcr die semi-professionelle Compagnie corp<code>S<\/code>pondanse, abendf\u00fcllende Produktion\r\n\r\n<\/div>\r\n<\/div>\r\n<div class=\"ctl-col-6\">\r\n<div class=\"story-time\"><\/div>\r\n<\/div>\r\n<\/div>\r\n<div class=\"ctl-row\">\r\n<div class=\"ctl-col-6\">\r\n<div class=\"story-details\">\r\n<div><\/div>\r\n<div class=\"story-image\"><strong>2013<\/strong><\/div>\r\n<h3 style=\"color: #000; font-size: 16px; line-height: 21.44px;\">\u00ab one \u00bb<\/h3>\r\n<p style=\"color: #000; font-size: 12px; line-height: 20.759999999999998px;\">Choreografie f\u00fcr Dafin Stefanou (Tanz), Jonas Kocher (Musik) und Ruedy Schwyn (Szenografie)<\/p>\r\n\r\n<\/div>\r\n<\/div>\r\n<\/div>\r\n<div class=\"ctl-row\">\r\n<div class=\"ctl-col-6\">\r\n<div class=\"story-details\">\r\n<h3 style=\"color: #000; font-size: 16px; line-height: 21.44px;\"><\/h3>\r\n<p style=\"color: #000; font-size: 12px; line-height: 20.759999999999998px;\"><strong>2011<\/strong><\/p>\r\n<p style=\"color: #000; font-size: 12px; line-height: 20.759999999999998px;\">OFF Stipendium des Kantons Bern<\/p>\r\n\r\n<\/div>\r\n<\/div>\r\n<div class=\"ctl-col-6\">\r\n<div class=\"story-time\">\r\n<div style=\"color: #000; font-size: 16px;\"><\/div>\r\n<\/div>\r\n<\/div>\r\n<\/div>\r\n<div class=\"ctl-row\">\r\n<div class=\"ctl-col-6\">\r\n<div class=\"story-time\">\r\n<div style=\"color: #000; font-size: 16px;\"><strong>2009\/10<\/strong><\/div>\r\n<\/div>\r\n<\/div>\r\n<div class=\"ctl-col-6\">\r\n<div class=\"story-details\">\r\n<h3 style=\"color: #000; font-size: 16px; line-height: 21.44px;\">end::spiel 1-6<\/h3>\r\n<p style=\"color: #000; font-size: 12px; line-height: 20.759999999999998px;\">12 Vorstellungen in Biel, Baden, Neuch\u00e2tel, Luzern, Bern<\/p>\r\n\r\n<\/div>\r\n<\/div>\r\n<\/div>\r\n<div class=\"ctl-row\">\r\n<div class=\"ctl-col-6\">\r\n<div class=\"story-details\">\r\n<div class=\"story-image\"><\/div>\r\n<h3 style=\"color: #000; font-size: 16px; line-height: 21.44px;\">2008\/09\/10<\/h3>\r\n<h3 style=\"color: #000; font-size: 16px; line-height: 21.44px;\">projekt.raum<\/h3>\r\n<p style=\"color: #000; font-size: 12px; line-height: 20.759999999999998px;\">Bern, Baden, Porrentruy<\/p>\r\n\r\n<\/div>\r\n<\/div>\r\n<div class=\"ctl-col-6\">\r\n<div class=\"story-time\">\r\n<div style=\"color: #000; font-size: 16px;\"><\/div>\r\n<\/div>\r\n<\/div>\r\n<\/div>\r\n<div class=\"ctl-row\">\r\n<div class=\"ctl-col-6\">\r\n<div class=\"story-details\">\r\n<h3 style=\"color: #000; font-size: 16px; line-height: 21.44px;\">2005-2007<\/h3>\r\n<h3 style=\"color: #000; font-size: 16px; line-height: 21.44px;\">zeit.zellen II<\/h3>\r\n<p style=\"color: #000; font-size: 12px; line-height: 20.759999999999998px;\">CH-Tournee (Neuch\u00e2tel, Bern, Baden, Z\u00fcrich, La Chaux-de-Fonds)<\/p>\r\n\r\n<\/div>\r\n<\/div>\r\n<\/div>\r\n<div class=\"ctl-row\">\r\n<div class=\"ctl-col-6\">\r\n<div class=\"story-details\">\r\n<div class=\"story-image\"><\/div>\r\n<h3 style=\"color: #000; font-size: 16px; line-height: 21.44px;\">2006-2007<\/h3>\r\n<h3 style=\"color: #000; font-size: 16px; line-height: 21.44px;\">inter.aktionen I-VI<\/h3>\r\n<p style=\"color: #000; font-size: 12px; line-height: 20.759999999999998px;\">Performance Serie mit 6 verschiedenen Musiker\/innen (Hans Koch, Philipp L\u00e4ng, Martin Lorenz, Jalalu-Kalvert Nelson, Iris Rennert, Martin Sch\u00fctz) 12 Vorstellungen in Biel, Bern, Baden, Nidau (Kreuz)<\/p>\r\n\r\n<\/div>\r\n<\/div>\r\n<\/div>\r\n<div class=\"ctl-row\">\r\n<div class=\"ctl-col-6\">\r\n<div class=\"story-details\">\r\n<div class=\"story-image\"><\/div>\r\n<h3 style=\"color: #000; font-size: 16px; line-height: 21.44px;\">projekt.raum<\/h3>\r\n<p style=\"color: #000; font-size: 12px; line-height: 20.759999999999998px;\">St\u00fcck f\u00fcr Tanz , Live Camera und live Musik, Auff\u00fchrung im Rahmen des Steps Festival in Biel<\/p>\r\n\r\n<\/div>\r\n<\/div>\r\n<\/div>\r\n<div class=\"ctl-row\">\r\n<div class=\"ctl-col-6\">\r\n<div class=\"story-details\">\r\n<div class=\"story-image\"><\/div>\r\n<h3 style=\"color: #000; font-size: 16px; line-height: 21.44px;\">2001-2003<\/h3>\r\n<h3 style=\"color: #000; font-size: 16px; line-height: 21.44px;\">zeit.zellen<\/h3>\r\n<p style=\"color: #000; font-size: 12px; line-height: 20.759999999999998px;\">installatives St\u00fcck f\u00fcr 5 T\u00e4nzer\/innen, Biel, Neuch\u00e2tel, Z\u00fcrich<\/p>\r\n\r\n<\/div>\r\n<\/div>\r\n<\/div>\r\n<div class=\"ctl-row\">\r\n<div class=\"ctl-col-6\">\r\n<div class=\"story-details\">\r\n<h3 style=\"color: #000; font-size: 16px; line-height: 21.44px;\">outscape \/ in.sight<\/h3>\r\n<p style=\"color: #000; font-size: 12px; line-height: 20.759999999999998px;\">abendf\u00fcllendes Doppelprogramm (Trio, Solo), Biel, Bern, Neuch\u00e2tel, Luzern<\/p>\r\n\r\n<\/div>\r\n<\/div>\r\n<\/div>\r\n<div class=\"ctl-row\">\r\n<div class=\"ctl-col-6\">\r\n<div class=\"story-details\">\r\n<div class=\"story-image\"><\/div>\r\n<h3 style=\"color: #000; font-size: 16px; line-height: 21.44px;\">1999-2001<\/h3>\r\n<h3 style=\"color: #000; font-size: 16px; line-height: 21.44px;\">Scratches \u2013 to live by<\/h3>\r\n<p style=\"color: #000; font-size: 12px; line-height: 20.759999999999998px;\">abendf\u00fcllendes Tanz-Theater St\u00fcck (Duo mit Kosmas Kosmopoulos, Berlin), Biel, Bern, Z\u00fcrich, Neuch\u00e2tel, Berlin<\/p>\r\n\r\n<\/div>\r\n<\/div>\r\n<div class=\"ctl-col-6\">\r\n<div class=\"story-time\"><\/div>\r\n<\/div>\r\n<\/div>\r\n<div class=\"ctl-row\">\r\n<div class=\"ctl-col-6\">\r\n<div class=\"story-time\">\r\n<div style=\"color: #000; font-size: 16px;\"><\/div>\r\n<\/div>\r\n<\/div>\r\n<div class=\"ctl-col-6\">\r\n<div class=\"story-details\">\r\n<h3 style=\"color: #000; font-size: 16px; line-height: 21.44px;\">1997<\/h3>\r\n<h3 style=\"color: #000; font-size: 16px; line-height: 21.44px;\">Boundaries (Duo mi tMusiker Jalalu Kalvert Nelson)<\/h3>\r\n<p style=\"color: #000; font-size: 12px; line-height: 20.759999999999998px;\">Tanzhaus Wasserwerk Z\u00fcrich, Neuch\u00e2tel Dance Festival<\/p>\r\n\r\n<\/div>\r\n<\/div>\r\n<\/div>\r\n<div class=\"ctl-row\">\r\n<div class=\"ctl-col-6\">\r\n<div class=\"story-details\">\r\n<div class=\"story-image\"><\/div>\r\n<h3 style=\"color: #000; font-size: 16px; line-height: 21.44px;\">1996<\/h3>\r\n<h3 style=\"color: #000; font-size: 16px; line-height: 21.44px;\">Seyon<\/h3>\r\n<p style=\"color: #000; font-size: 12px; line-height: 20.759999999999998px;\">f\u00fcr 5 T\u00e4nzer:innen<\/p>\r\n<p style=\"color: #000; font-size: 12px; line-height: 20.759999999999998px;\">Neuch\u00e2tel Dance Festival<\/p>\r\n\r\n<\/div>\r\n<\/div>\r\n<div class=\"ctl-col-6\">\r\n<div class=\"story-time\">\r\n<div style=\"color: #000; font-size: 16px;\"><\/div>\r\n<\/div>\r\n<\/div>\r\n<\/div>\r\n<div class=\"ctl-row\">\r\n<div class=\"ctl-col-6\">\r\n<div class=\"story-details\">\r\n<div class=\"story-image\"><\/div>\r\n<h3 style=\"color: #000; font-size: 16px; line-height: 21.44px;\">1995<\/h3>\r\n<h3 style=\"color: #000; font-size: 16px; line-height: 21.44px;\">MOviMENTo (Duo)<\/h3>\r\n<p style=\"color: #000; font-size: 12px; line-height: 20.759999999999998px;\">Tanz in St\u00fccken (Z\u00fcrich, Lausanne, Bern, Genf)<\/p>\r\n\r\n<\/div>\r\n<\/div>\r\n<\/div>\r\n<div class=\"ctl-row\">\r\n<div class=\"ctl-col-6\">\r\n<div class=\"story-details\">\r\n<div class=\"story-image\"><\/div>\r\n<h3 style=\"color: #000; font-size: 16px; line-height: 21.44px;\">1994<\/h3>\r\n<h3 style=\"color: #000; font-size: 16px; line-height: 21.44px;\">Strings (Duo)<\/h3>\r\n<p style=\"color: #000; font-size: 12px; line-height: 20.759999999999998px;\">Dia Center for the Arts New York<\/p>\r\n\r\n<\/div>\r\n<\/div>\r\n<\/div>\r\n<div class=\"ctl-row\">\r\n<div class=\"ctl-col-6\">\r\n<div class=\"story-details\">\r\n<h3><\/h3>\r\n<h3 style=\"color: #000; font-size: 16px; line-height: 21.44px;\">1993<\/h3>\r\n<h3 style=\"color: #000; font-size: 16px; line-height: 21.44px;\">Monolog (Solo)<\/h3>\r\n<p style=\"color: #000; font-size: 12px; line-height: 20.759999999999998px;\">Wettingen, Biel, Performance Space Brooklyn (NY)<\/p>\r\n\r\n<\/div>\r\n<\/div>\r\n<\/div>\r\n<div class=\"timeline-content\">\r\n<div class=\"ctl-row\">\r\n<div class=\"ctl-col-6\">\r\n<div class=\"story-details\">\r\n<h5 class=\"story-image\"><\/h5>\r\n<\/div>\r\n<\/div>\r\n<div class=\"ctl-col-6\">\r\n<div class=\"story-time\">\r\n<div style=\"color: #000; font-size: 16px;\"><\/div>\r\n<\/div>\r\n<\/div>\r\n<\/div>\r\n<\/div>\r\n<\/div>\r\n<\/div>\r\n<!-- \/wp:post-content -->","protected":false},"excerpt":{"rendered":"<p>2023-2024 Unordnen Tanz und Sprache: Katja M\u00fcnker, Berlin, Susanne Mueller Nelson, Biel, Musik: Jalalu-Kalvert Nelson, Biel. Vorstellungne in Biel, Bern und Berlin 2018-2022 Album, Solo Tanz Susanne Mueller Nelson, Musik Jalalu-Kalvert Nelson 2012-2013 corps.peau.real f\u00fcr die semi-professionelle Compagnie corpSpondanse, abendf\u00fcllende Produktion 2013 \u00ab one \u00bb Choreografie f\u00fcr Dafin Stefanou (Tanz), Jonas Kocher (Musik) und Ruedy [&hellip;]<\/p>\n","protected":false},"author":1,"featured_media":509,"parent":0,"menu_order":0,"comment_status":"closed","ping_status":"closed","template":"","meta":{"footnotes":""},"class_list":["post-167","page","type-page","status-publish","has-post-thumbnail","hentry"],"translation":{"provider":"WPGlobus","version":"3.0.2","language":"en","enabled_languages":["de","fr","en"],"languages":{"de":{"title":true,"content":true,"excerpt":false},"fr":{"title":false,"content":false,"excerpt":false},"en":{"title":false,"content":false,"excerpt":false}}},"_links":{"self":[{"href":"https:\/\/susannemuellernelson.ch\/wordpress\/en\/wp-json\/wp\/v2\/pages\/167","targetHints":{"allow":["GET"]}}],"collection":[{"href":"https:\/\/susannemuellernelson.ch\/wordpress\/en\/wp-json\/wp\/v2\/pages"}],"about":[{"href":"https:\/\/susannemuellernelson.ch\/wordpress\/en\/wp-json\/wp\/v2\/types\/page"}],"author":[{"embeddable":true,"href":"https:\/\/susannemuellernelson.ch\/wordpress\/en\/wp-json\/wp\/v2\/users\/1"}],"replies":[{"embeddable":true,"href":"https:\/\/susannemuellernelson.ch\/wordpress\/en\/wp-json\/wp\/v2\/comments?post=167"}],"version-history":[{"count":22,"href":"https:\/\/susannemuellernelson.ch\/wordpress\/en\/wp-json\/wp\/v2\/pages\/167\/revisions"}],"predecessor-version":[{"id":3458,"href":"https:\/\/susannemuellernelson.ch\/wordpress\/en\/wp-json\/wp\/v2\/pages\/167\/revisions\/3458"}],"wp:featuredmedia":[{"embeddable":true,"href":"https:\/\/susannemuellernelson.ch\/wordpress\/en\/wp-json\/wp\/v2\/media\/509"}],"wp:attachment":[{"href":"https:\/\/susannemuellernelson.ch\/wordpress\/en\/wp-json\/wp\/v2\/media?parent=167"}],"curies":[{"name":"wp","href":"https:\/\/api.w.org\/{rel}","templated":true}]}}